{"id":10,"date":"2021-09-24T11:45:52","date_gmt":"2021-09-24T09:45:52","guid":{"rendered":"https:\/\/jornadasproteccion.agencia.mk\/?page_id=10"},"modified":"2021-09-27T19:26:42","modified_gmt":"2021-09-27T17:26:42","slug":"landing","status":"publish","type":"page","link":"https:\/\/jornadasproteccion.agencia.mk\/","title":{"rendered":"Landing"},"content":{"rendered":"<p>[et_pb_section fb_built=\u00bb1&#8243; fullwidth=\u00bbon\u00bb _builder_version=\u00bb4.10.8&#8243; _module_preset=\u00bbdefault\u00bb global_colors_info=\u00bb{}\u00bb][et_pb_fullwidth_header title=\u00bbII Jornadas de Protecci\u00f3n Portuaria\u00bb text_orientation=\u00bbcenter\u00bb header_fullscreen=\u00bbon\u00bb header_scroll_down=\u00bbon\u00bb scroll_down_icon=\u00bb%%3%%\u00bb button_one_text=\u00bbInformaci\u00f3n\u00bb button_two_text=\u00bbInscripciones\u00bb background_overlay_color=\u00bbrgba(0,0,0,0.42)\u00bb header_image_url=\u00bbhttps:\/\/jornadasproteccion.agencia.mk\/wp-content\/uploads\/2021\/09\/logos-sin-text-2.png\u00bb _builder_version=\u00bb4.10.8&#8243; _module_preset=\u00bbdefault\u00bb title_font=\u00bbBebas Neue||||||||\u00bb title_font_size=\u00bb54px\u00bb background_color=\u00bb#FFFFFF\u00bb background_image=\u00bbhttps:\/\/jornadasproteccion.agencia.mk\/wp-content\/uploads\/2021\/09\/PuertodeCeuta-AgenciaMK-2-scaled.jpg\u00bb custom_button_one=\u00bbon\u00bb button_one_text_color=\u00bb#000000&#8243; button_one_bg_color=\u00bb#FFFFFF\u00bb button_one_border_width=\u00bb0px\u00bb button_one_border_radius=\u00bb50px\u00bb custom_button_two=\u00bbon\u00bb button_two_text_color=\u00bb#000000&#8243; button_two_bg_color=\u00bb#FFFFFF\u00bb button_two_border_width=\u00bb0px\u00bb button_two_border_radius=\u00bb50px\u00bb hover_enabled=\u00bb0&#8243; custom_css_header_image=\u00bbpadding-top: 100px;\u00bb title_text_shadow_style=\u00bbpreset2&#8243; global_colors_info=\u00bb{}\u00bb sticky_enabled=\u00bb0&#8243; custom_css_button_1=\u00bbwidth: 200px;\u00bb custom_css_button_2=\u00bbwidth: 200px;\u00bb custom_css_button_1_last_edited=\u00bbon|phone\u00bb custom_css_button_1_phone=\u00bbwidth: 200px;||margin-left: 15px;\u00bb title_text=\u00bbPuerto de Ceuta\u00bb][\/et_pb_fullwidth_header][\/et_pb_section][et_pb_section fb_built=\u00bb1&#8243; _builder_version=\u00bb4.10.8&#8243; _module_preset=\u00bbdefault\u00bb hover_enabled=\u00bb0&#8243; global_colors_info=\u00bb{}\u00bb module_id=\u00bbinfo\u00bb sticky_enabled=\u00bb0&#8243;][et_pb_row _builder_version=\u00bb4.10.8&#8243; _module_preset=\u00bbdefault\u00bb custom_margin=\u00bb||||false|false\u00bb custom_padding=\u00bb||||false|true\u00bb hover_enabled=\u00bb0&#8243; global_colors_info=\u00bb{}\u00bb sticky_enabled=\u00bb0&#8243;][et_pb_column type=\u00bb4_4&#8243; _builder_version=\u00bb4.10.8&#8243; _module_preset=\u00bbdefault\u00bb global_colors_info=\u00bb{}\u00bb][et_pb_text _builder_version=\u00bb4.10.8&#8243; _module_preset=\u00bbdefault\u00bb header_text_align=\u00bbleft\u00bb header_2_font=\u00bbBebas Neue|600|||||||\u00bb header_2_text_align=\u00bbcenter\u00bb header_2_font_size=\u00bb60px\u00bb header_2_letter_spacing=\u00bb3px\u00bb global_colors_info=\u00bb{}\u00bb]<\/p>\n<h2>Programa<\/h2>\n<p>[\/et_pb_text][et_pb_divider color=\u00bb#0C71C3&#8243; divider_weight=\u00bb3px\u00bb _builder_version=\u00bb4.10.8&#8243; _module_preset=\u00bbdefault\u00bb width=\u00bb100px\u00bb module_alignment=\u00bbcenter\u00bb global_colors_info=\u00bb{}\u00bb][\/et_pb_divider][et_pb_text _builder_version=\u00bb4.10.8&#8243; _module_preset=\u00bbdefault\u00bb text_text_color=\u00bb#FFFFFF\u00bb header_3_text_color=\u00bb#FFFFFF\u00bb header_3_font_size=\u00bb20px\u00bb background_color=\u00bb#0C71C3&#8243; custom_padding=\u00bb8px|12px||12px|false|false\u00bb hover_enabled=\u00bb0&#8243; global_colors_info=\u00bb{}\u00bb sticky_enabled=\u00bb0&#8243;]<\/p>\n<h3>D\u00eda 27 de octubre de 2021<\/h3>\n<p>[\/et_pb_text][et_pb_text _builder_version=\u00bb4.10.8&#8243; _module_preset=\u00bbdefault\u00bb text_font=\u00bb|300|||||||\u00bb module_alignment=\u00bbcenter\u00bb global_colors_info=\u00bb{}\u00bb]<\/p>\n<p><strong>20:00.<\/strong>\u00a0 Recepci\u00f3n a los asistentes con un c\u00f3ctel de bienvenida (Parque Mar\u00edtimo del Mediterr\u00e1neo). Se presentar\u00eda por la Autoridad Portuaria de Ceuta (y alg\u00fan representante de la Ciudad Aut\u00f3noma de Ceuta por confirmar).<\/p>\n<p>[\/et_pb_text][et_pb_text _builder_version=\u00bb4.10.8&#8243; _module_preset=\u00bbdefault\u00bb text_text_color=\u00bb#FFFFFF\u00bb header_3_text_color=\u00bb#FFFFFF\u00bb header_3_font_size=\u00bb20px\u00bb background_color=\u00bb#0C71C3&#8243; custom_margin=\u00bb60px||||false|false\u00bb custom_padding=\u00bb8px|12px||12px|false|false\u00bb global_colors_info=\u00bb{}\u00bb]<\/p>\n<h3>D\u00eda 28 octubre 2021<\/h3>\n<p>[\/et_pb_text][et_pb_text _builder_version=\u00bb4.10.8&#8243; _module_preset=\u00bbdefault\u00bb custom_margin=\u00bb||10px|||\u00bb global_colors_info=\u00bb{}\u00bb]<\/p>\n<p style=\"text-align: center;\">Celebraci\u00f3n de la jornada: HOTEL PUERTA DE \u00c1FRICA<\/p>\n<p style=\"text-align: center;\">[\/et_pb_text][et_pb_text _builder_version=\u00bb4.10.8&#8243; _module_preset=\u00bbdefault\u00bb text_font=\u00bb|300|||||||\u00bb module_alignment=\u00bbleft\u00bb global_colors_info=\u00bb{}\u00bb]<\/p>\n<p><strong>9:00.\u00a0\u00a0 <\/strong>Inauguraci\u00f3n de la Jornada. Presidente de Puertos del Estado, presidente de Navantia y presidente de la Autoridad Portuaria de Ceuta.<strong>\u00a0<\/strong><strong><\/strong><\/p>\n<p><strong>9:30.<\/strong>\u00a0\u00a0\u00a0\u00a0 Ponencia 1. La Guardia Civil, Fronteras y Polic\u00eda Mar\u00edtima. (Invitaci\u00f3n a realizar la ponencia en relaci\u00f3n con la seguridad mar\u00edtima de los puertos a la DG de Guardia Civil).<\/p>\n<p><strong>10:00<\/strong>.\u00a0\u00a0 Ponencia 2. Estrategia de Seguridad Mar\u00edtima Nacional. (Invitaci\u00f3n a realizar la ponencia en relaci\u00f3n con la seguridad mar\u00edtima de los puertos al Estado Mayor de la armada).<\/p>\n<p><strong>10:30.<\/strong>\u00a0 Ponencia 3. Implantaci\u00f3n de los planes de protecci\u00f3n portuarios en relaci\u00f3n con las amenazas mar\u00edtimas. (Puertos del Estado).<strong><\/strong><\/p>\n<p><strong>11:00.<\/strong>\u00a0 Pausa. Caf\u00e9.<\/p>\n<p><strong>11:30.<\/strong>\u00a0 Mesa Redonda. Amenazas mar\u00edtimas en los puertos. Invitaciones a participar a Gabinete de coordinaci\u00f3n y estudios Ministerio del Interior. Puertos del Estado. Autoridad Portuaria de Ceuta. Autoridad Portuaria por designar.<\/p>\n<p><strong>12:00.<\/strong>\u00a0 Navantia. Presentaci\u00f3n SVCM y USV Vendaval.<\/p>\n<p><strong>12:30.<\/strong>\u00a0 Technical Tour. Visita instalaciones de seguridad del puerto.<\/p>\n<p><strong>13:30<\/strong>.\u00a0\u00a0 Clausura y copa de vino espa\u00f1ol PARADOR LA MURALLA (por confirmar).<\/p>\n<p>[\/et_pb_text][\/et_pb_column][\/et_pb_row][\/et_pb_section][et_pb_section fb_built=\u00bb1&#8243; _builder_version=\u00bb4.10.8&#8243; _module_preset=\u00bbdefault\u00bb custom_padding=\u00bb||28px|||\u00bb hover_enabled=\u00bb0&#8243; global_colors_info=\u00bb{}\u00bb module_id=\u00bbinsc\u00bb sticky_enabled=\u00bb0&#8243;][et_pb_row _builder_version=\u00bb4.10.8&#8243; _module_preset=\u00bbdefault\u00bb global_colors_info=\u00bb{}\u00bb][et_pb_column type=\u00bb4_4&#8243; _builder_version=\u00bb4.10.8&#8243; _module_preset=\u00bbdefault\u00bb global_colors_info=\u00bb{}\u00bb][et_pb_text _builder_version=\u00bb4.10.8&#8243; _module_preset=\u00bbdefault\u00bb global_colors_info=\u00bb{}\u00bb]<\/p>\n<h2 style=\"text-align: center;\">Formulario de inscripci\u00f3n<\/h2>\n<p>[\/et_pb_text][et_pb_contact_form _builder_version=\u00bb4.10.8&#8243; _module_preset=\u00bbdefault\u00bb global_colors_info=\u00bb{}\u00bb][et_pb_contact_field field_id=\u00bbName\u00bb field_title=\u00bbNombre\u00bb _builder_version=\u00bb3.16&#8243; global_colors_info=\u00bb{}\u00bb button_text_size__hover_enabled=\u00bboff\u00bb button_one_text_size__hover_enabled=\u00bboff\u00bb button_two_text_size__hover_enabled=\u00bboff\u00bb button_text_color__hover_enabled=\u00bboff\u00bb button_one_text_color__hover_enabled=\u00bboff\u00bb button_two_text_color__hover_enabled=\u00bboff\u00bb button_border_width__hover_enabled=\u00bboff\u00bb button_one_border_width__hover_enabled=\u00bboff\u00bb button_two_border_width__hover_enabled=\u00bboff\u00bb button_border_color__hover_enabled=\u00bboff\u00bb button_one_border_color__hover_enabled=\u00bboff\u00bb button_two_border_color__hover_enabled=\u00bboff\u00bb button_border_radius__hover_enabled=\u00bboff\u00bb button_one_border_radius__hover_enabled=\u00bboff\u00bb button_two_border_radius__hover_enabled=\u00bboff\u00bb button_letter_spacing__hover_enabled=\u00bboff\u00bb button_one_letter_spacing__hover_enabled=\u00bboff\u00bb button_two_letter_spacing__hover_enabled=\u00bboff\u00bb button_bg_color__hover_enabled=\u00bboff\u00bb button_one_bg_color__hover_enabled=\u00bboff\u00bb button_two_bg_color__hover_enabled=\u00bboff\u00bb][\/et_pb_contact_field][et_pb_contact_field field_id=\u00bbEmail\u00bb field_title=\u00bbDirecci\u00f3n de correo electr\u00f3nico\u00bb field_type=\u00bbemail\u00bb _builder_version=\u00bb3.16&#8243; global_colors_info=\u00bb{}\u00bb button_text_size__hover_enabled=\u00bboff\u00bb button_one_text_size__hover_enabled=\u00bboff\u00bb button_two_text_size__hover_enabled=\u00bboff\u00bb button_text_color__hover_enabled=\u00bboff\u00bb button_one_text_color__hover_enabled=\u00bboff\u00bb button_two_text_color__hover_enabled=\u00bboff\u00bb button_border_width__hover_enabled=\u00bboff\u00bb button_one_border_width__hover_enabled=\u00bboff\u00bb button_two_border_width__hover_enabled=\u00bboff\u00bb button_border_color__hover_enabled=\u00bboff\u00bb button_one_border_color__hover_enabled=\u00bboff\u00bb button_two_border_color__hover_enabled=\u00bboff\u00bb button_border_radius__hover_enabled=\u00bboff\u00bb button_one_border_radius__hover_enabled=\u00bboff\u00bb button_two_border_radius__hover_enabled=\u00bboff\u00bb button_letter_spacing__hover_enabled=\u00bboff\u00bb button_one_letter_spacing__hover_enabled=\u00bboff\u00bb button_two_letter_spacing__hover_enabled=\u00bboff\u00bb button_bg_color__hover_enabled=\u00bboff\u00bb button_one_bg_color__hover_enabled=\u00bboff\u00bb button_two_bg_color__hover_enabled=\u00bboff\u00bb][\/et_pb_contact_field][et_pb_contact_field field_id=\u00bbMessage\u00bb field_title=\u00bbMensaje\u00bb field_type=\u00bbtext\u00bb fullwidth_field=\u00bbon\u00bb _builder_version=\u00bb3.16&#8243; global_colors_info=\u00bb{}\u00bb button_text_size__hover_enabled=\u00bboff\u00bb button_one_text_size__hover_enabled=\u00bboff\u00bb button_two_text_size__hover_enabled=\u00bboff\u00bb button_text_color__hover_enabled=\u00bboff\u00bb button_one_text_color__hover_enabled=\u00bboff\u00bb button_two_text_color__hover_enabled=\u00bboff\u00bb button_border_width__hover_enabled=\u00bboff\u00bb button_one_border_width__hover_enabled=\u00bboff\u00bb button_two_border_width__hover_enabled=\u00bboff\u00bb button_border_color__hover_enabled=\u00bboff\u00bb button_one_border_color__hover_enabled=\u00bboff\u00bb button_two_border_color__hover_enabled=\u00bboff\u00bb button_border_radius__hover_enabled=\u00bboff\u00bb button_one_border_radius__hover_enabled=\u00bboff\u00bb button_two_border_radius__hover_enabled=\u00bboff\u00bb button_letter_spacing__hover_enabled=\u00bboff\u00bb button_one_letter_spacing__hover_enabled=\u00bboff\u00bb button_two_letter_spacing__hover_enabled=\u00bboff\u00bb button_bg_color__hover_enabled=\u00bboff\u00bb button_one_bg_color__hover_enabled=\u00bboff\u00bb button_two_bg_color__hover_enabled=\u00bboff\u00bb][\/et_pb_contact_field][\/et_pb_contact_form][\/et_pb_column][\/et_pb_row][\/et_pb_section][et_pb_section fb_built=\u00bb1&#8243; specialty=\u00bbon\u00bb _builder_version=\u00bb4.10.8&#8243; _module_preset=\u00bbdefault\u00bb background_image=\u00bbhttps:\/\/jornadasproteccion.agencia.mk\/wp-content\/uploads\/2021\/09\/fondo-2.jpg\u00bb parallax=\u00bbon\u00bb parallax_method=\u00bboff\u00bb custom_padding=\u00bb2px|||||\u00bb top_divider_repeat_tablet=\u00bb\u00bb top_divider_repeat_phone=\u00bb1x\u00bb top_divider_repeat_last_edited=\u00bbon|phone\u00bb bottom_divider_repeat_tablet=\u00bb\u00bb bottom_divider_repeat_phone=\u00bb1x\u00bb bottom_divider_repeat_last_edited=\u00bbon|phone\u00bb hover_enabled=\u00bb0&#8243; global_colors_info=\u00bb{}\u00bb sticky_enabled=\u00bb0&#8243; background_enable_color=\u00bboff\u00bb title_text=\u00bbPuerto de Ceuta\u00bb][et_pb_column type=\u00bb1_3&#8243; _builder_version=\u00bb3.25&#8243; custom_padding=\u00bb|||\u00bb global_colors_info=\u00bb{}\u00bb custom_padding__hover=\u00bb|||\u00bb][et_pb_text _builder_version=\u00bb4.10.8&#8243; _module_preset=\u00bbdefault\u00bb text_font_size=\u00bb20px\u00bb background_color=\u00bb#FFFFFF\u00bb custom_padding=\u00bb3px||3px|10px|false|false\u00bb hover_enabled=\u00bb0&#8243; global_colors_info=\u00bb{}\u00bb custom_margin_last_edited=\u00bbon|phone\u00bb sticky_enabled=\u00bb0&#8243; custom_margin_tablet=\u00bb30px||||false|false\u00bb]<\/p>\n<p>Hotel y sede<\/p>\n<p>[\/et_pb_text][et_pb_image src=\u00bbhttps:\/\/jornadasproteccion.agencia.mk\/wp-content\/uploads\/2021\/09\/73553878.jpg\u00bb _builder_version=\u00bb4.10.8&#8243; _module_preset=\u00bbdefault\u00bb custom_margin=\u00bb||0px||false|false\u00bb border_width_all=\u00bb2px\u00bb border_color_all=\u00bb#FFFFFF\u00bb box_shadow_style=\u00bbpreset3&#8243; global_colors_info=\u00bb{}\u00bb][\/et_pb_image][et_pb_text _builder_version=\u00bb4.10.8&#8243; _module_preset=\u00bbdefault\u00bb text_font=\u00bb||||||||\u00bb text_text_color=\u00bb#FFFFFF\u00bb text_font_size=\u00bb16px\u00bb header_2_font=\u00bbBebas Neue||||||||\u00bb header_2_text_color=\u00bb#FFFFFF\u00bb header_2_font_size=\u00bb27px\u00bb background_color=\u00bbrgba(10,10,10,0.6)\u00bb custom_padding=\u00bb20px|10px|10px|10px|false|false\u00bb global_colors_info=\u00bb{}\u00bb]<\/p>\n<h2>Hotel Ceuta Puerta de \u00c1frica<\/h2>\n<p>Paseo Alcalde S\u00e1nchez Prados, 3<br \/>51001 Ceuta<\/p>\n<p>Tel\u00e9fono de reservas:<br \/>956 51 12 00<\/p>\n<p>[\/et_pb_text][\/et_pb_column][et_pb_column type=\u00bb2_3&#8243; specialty_columns=\u00bb2&#8243; _builder_version=\u00bb3.25&#8243; custom_padding=\u00bb|||\u00bb global_colors_info=\u00bb{}\u00bb custom_padding__hover=\u00bb|||\u00bb][et_pb_row_inner _builder_version=\u00bb4.10.8&#8243; _module_preset=\u00bbdefault\u00bb global_colors_info=\u00bb{}\u00bb][et_pb_column_inner saved_specialty_column_type=\u00bb2_3&#8243; _builder_version=\u00bb4.10.8&#8243; _module_preset=\u00bbdefault\u00bb global_colors_info=\u00bb{}\u00bb][et_pb_text _builder_version=\u00bb4.10.8&#8243; _module_preset=\u00bbdefault\u00bb text_font_size=\u00bb20px\u00bb background_color=\u00bb#FFFFFF\u00bb custom_padding=\u00bb3px||3px|10px|false|false\u00bb global_colors_info=\u00bb{}\u00bb]<\/p>\n<p>Hoteles asociados<\/p>\n<p>[\/et_pb_text][\/et_pb_column_inner][\/et_pb_row_inner][et_pb_row_inner column_structure=\u00bb1_2,1_2&#8243; _builder_version=\u00bb4.10.8&#8243; _module_preset=\u00bbdefault\u00bb custom_padding=\u00bb0px|||||\u00bb global_colors_info=\u00bb{}\u00bb][et_pb_column_inner type=\u00bb1_2&#8243; saved_specialty_column_type=\u00bb2_3&#8243; _builder_version=\u00bb4.10.8&#8243; _module_preset=\u00bbdefault\u00bb global_colors_info=\u00bb{}\u00bb][et_pb_image src=\u00bbhttps:\/\/jornadasproteccion.agencia.mk\/wp-content\/uploads\/2021\/09\/ulises-hotel-general-acd77e9.jpg\u00bb title_text=\u00bbulises-hotel-general-acd77e9&#8243; _builder_version=\u00bb4.10.8&#8243; _module_preset=\u00bbdefault\u00bb custom_margin=\u00bb||0px||false|false\u00bb border_width_all=\u00bb2px\u00bb border_color_all=\u00bb#FFFFFF\u00bb box_shadow_style=\u00bbpreset3&#8243; global_colors_info=\u00bb{}\u00bb][\/et_pb_image][et_pb_text _builder_version=\u00bb4.10.8&#8243; _module_preset=\u00bbdefault\u00bb text_font=\u00bb||||||||\u00bb text_text_color=\u00bb#FFFFFF\u00bb text_font_size=\u00bb16px\u00bb header_2_font=\u00bbBebas Neue||||||||\u00bb header_2_text_color=\u00bb#FFFFFF\u00bb header_2_font_size=\u00bb27px\u00bb background_color=\u00bbrgba(10,10,10,0.6)\u00bb custom_padding=\u00bb20px|10px|10px|10px|false|false\u00bb global_colors_info=\u00bb{}\u00bb]<\/p>\n<h2>Ulises Hotel<\/h2>\n<p>Calle Camoens, 5<br \/>51001 Ceuta<\/p>\n<p>Tel\u00e9fono de reservas:<br \/>956 51 45 40<\/p>\n<p>[\/et_pb_text][\/et_pb_column_inner][et_pb_column_inner type=\u00bb1_2&#8243; saved_specialty_column_type=\u00bb2_3&#8243; _builder_version=\u00bb4.10.8&#8243; _module_preset=\u00bbdefault\u00bb global_colors_info=\u00bb{}\u00bb][et_pb_image src=\u00bbhttps:\/\/jornadasproteccion.agencia.mk\/wp-content\/uploads\/2021\/09\/parador-hotel-la-muralla.jpg\u00bb title_text=\u00bbparador-hotel-la-muralla\u00bb _builder_version=\u00bb4.10.8&#8243; _module_preset=\u00bbdefault\u00bb custom_margin=\u00bb||0px||false|false\u00bb border_width_all=\u00bb2px\u00bb border_color_all=\u00bb#FFFFFF\u00bb box_shadow_style=\u00bbpreset3&#8243; global_colors_info=\u00bb{}\u00bb][\/et_pb_image][et_pb_text _builder_version=\u00bb4.10.8&#8243; _module_preset=\u00bbdefault\u00bb text_font=\u00bb||||||||\u00bb text_text_color=\u00bb#FFFFFF\u00bb text_font_size=\u00bb16px\u00bb header_2_font=\u00bbBebas Neue||||||||\u00bb header_2_text_color=\u00bb#FFFFFF\u00bb header_2_font_size=\u00bb27px\u00bb background_color=\u00bbrgba(10,10,10,0.6)\u00bb custom_padding=\u00bb20px|10px|10px|10px|false|false\u00bb global_colors_info=\u00bb{}\u00bb]<\/p>\n<h2>Parador de Ceuta<\/h2>\n<p>Plaza Nuestra Se\u00f1ora de \u00c1frica, 15<br \/>51001 Ceuta<\/p>\n<p>Tel\u00e9fono de reservas:<br \/>956 51 49 40<\/p>\n<p>[\/et_pb_text][\/et_pb_column_inner][\/et_pb_row_inner][et_pb_row_inner _builder_version=\u00bb4.10.8&#8243; _module_preset=\u00bbdefault\u00bb global_colors_info=\u00bb{}\u00bb][et_pb_column_inner saved_specialty_column_type=\u00bb2_3&#8243; _builder_version=\u00bb4.10.8&#8243; _module_preset=\u00bbdefault\u00bb global_colors_info=\u00bb{}\u00bb][et_pb_text _builder_version=\u00bb4.10.8&#8243; _module_preset=\u00bbdefault\u00bb text_text_color=\u00bb#FFFFFF\u00bb text_font_size=\u00bb19px\u00bb background_color=\u00bbrgba(0,0,0,0.6)\u00bb text_orientation=\u00bbcenter\u00bb custom_padding=\u00bb7px|7px|7px|7px|true|false\u00bb text_line_height_tablet=\u00bb\u00bb text_line_height_phone=\u00bb1.6em\u00bb text_line_height_last_edited=\u00bbon|phone\u00bb global_colors_info=\u00bb{}\u00bb]<\/p>\n<p>Al realizar la reserva de forma telef\u00f3nica indique su asistencia al congreso para obtener un descuento en la estancia.<\/p>\n<p>[\/et_pb_text][\/et_pb_column_inner][\/et_pb_row_inner][\/et_pb_column][\/et_pb_section][et_pb_section fb_built=\u00bb1&#8243; _builder_version=\u00bb4.10.8&#8243; _module_preset=\u00bbdefault\u00bb custom_padding=\u00bb0px||0px|||\u00bb global_colors_info=\u00bb{}\u00bb][et_pb_row _builder_version=\u00bb4.10.8&#8243; _module_preset=\u00bbdefault\u00bb global_colors_info=\u00bb{}\u00bb][et_pb_column type=\u00bb4_4&#8243; _builder_version=\u00bb4.10.8&#8243; _module_preset=\u00bbdefault\u00bb global_colors_info=\u00bb{}\u00bb][et_pb_image src=\u00bbhttps:\/\/jornadasproteccion.agencia.mk\/wp-content\/uploads\/2021\/09\/logos-sin-text.png\u00bb title_text=\u00bblogos-sin-text\u00bb _builder_version=\u00bb4.10.8&#8243; _module_preset=\u00bbdefault\u00bb global_colors_info=\u00bb{}\u00bb][\/et_pb_image][\/et_pb_column][\/et_pb_row][\/et_pb_section]<\/p>\n","protected":false},"excerpt":{"rendered":"<p>ProgramaD\u00eda 27 de octubre de 202120:00.\u00a0 Recepci\u00f3n a los asistentes con un c\u00f3ctel de bienvenida (Parque Mar\u00edtimo del Mediterr\u00e1neo). Se presentar\u00eda por la Autoridad Portuaria de Ceuta (y alg\u00fan representante de la Ciudad Aut\u00f3noma de Ceuta por confirmar).D\u00eda 28 octubre 2021Celebraci\u00f3n de la jornada: HOTEL PUERTA DE \u00c1FRICA 9:00.\u00a0\u00a0 Inauguraci\u00f3n de la Jornada. Presidente de [&hellip;]<\/p>\n","protected":false},"author":1,"featured_media":0,"parent":0,"menu_order":0,"comment_status":"closed","ping_status":"closed","template":"page-template-blank.php","meta":{"_et_pb_use_builder":"on","_et_pb_old_content":"","_et_gb_content_width":""},"_links":{"self":[{"href":"https:\/\/jornadasproteccion.agencia.mk\/index.php?rest_route=\/wp\/v2\/pages\/10"}],"collection":[{"href":"https:\/\/jornadasproteccion.agencia.mk\/index.php?rest_route=\/wp\/v2\/pages"}],"about":[{"href":"https:\/\/jornadasproteccion.agencia.mk\/index.php?rest_route=\/wp\/v2\/types\/page"}],"author":[{"embeddable":true,"href":"https:\/\/jornadasproteccion.agencia.mk\/index.php?rest_route=\/wp\/v2\/users\/1"}],"replies":[{"embeddable":true,"href":"https:\/\/jornadasproteccion.agencia.mk\/index.php?rest_route=%2Fwp%2Fv2%2Fcomments&post=10"}],"version-history":[{"count":25,"href":"https:\/\/jornadasproteccion.agencia.mk\/index.php?rest_route=\/wp\/v2\/pages\/10\/revisions"}],"predecessor-version":[{"id":67,"href":"https:\/\/jornadasproteccion.agencia.mk\/index.php?rest_route=\/wp\/v2\/pages\/10\/revisions\/67"}],"wp:attachment":[{"href":"https:\/\/jornadasproteccion.agencia.mk\/index.php?rest_route=%2Fwp%2Fv2%2Fmedia&parent=10"}],"curies":[{"name":"wp","href":"https:\/\/api.w.org\/{rel}","templated":true}]}}